{"id":4177,"date":"2024-10-15T08:09:40","date_gmt":"2024-10-15T06:09:40","guid":{"rendered":"https:\/\/www.jaus-bakery.de\/?page_id=4177"},"modified":"2026-02-04T12:16:30","modified_gmt":"2026-02-04T10:16:30","slug":"nachhaltigkeit","status":"publish","type":"page","link":"https:\/\/www.jaus-bakery.de\/en\/nachhaltigkeit\/","title":{"rendered":"Sustainability"},"content":{"rendered":"<h1>Sustainability at Jaus Bakery<\/h1>\r\n<p>Sustainability is not just a trend, but a responsibility that we take seriously as a company. We are actively committed to protecting our environment through innovative approaches and strategic measures. Here are some key aspects of our sustainable business practices:<\/p>\r\n<figure><img loading=\"lazy\" decoding=\"async\" title=\"dji_fly_20240627_103258_724_1719477671106_photo_optimized\" src=\"https:\/\/www.jaus-bakery.de\/wp-content\/uploads\/2024\/10\/dji_fly_20240627_103258_724_1719477671106_photo_optimized-scaled.jpg\" alt=\"dji_fly_20240627_103258_724_1719477671106_photo_optimized\" width=\"2560\" height=\"1440\" \/><\/figure>\r\n<h2>Own power generation<\/h2>\r\n<p>Mit unserer 578 kWp Photovoltaikanlage auf dem Dach erzeugen wir einen wichtigen Teil unseres Stroms selbst. Insgesamt stammen rund 30% unseres gesamten Energiebedarfs aus eigener Produktion. Das reduziert nicht nur unsere Abh\u00e4ngigkeit von externen Anbietern, sondern tr\u00e4gt auch zur Senkung der CO2-Emissionen bei.<\/p>\r\n<h2>Heat recovery<\/h2>\r\n<p>Another step towards sustainability is the use of waste heat from our ovens. By recovering and using this heat, we can efficiently heat and operate other systems and parts of the building.<\/p>\r\n<p>In this way, we minimize our energy consumption and increase the efficiency of our operating processes at the same time.<\/p>\r\n<figure><img loading=\"lazy\" decoding=\"async\" title=\"Wa\u0308rmeru\u0308ckgewinnung\" src=\"https:\/\/www.jaus-bakery.de\/wp-content\/uploads\/2024\/10\/Warmeruckgewinnung-scaled.jpg\" alt=\"Wa\u0308rmeru\u0308ckgewinnung\" width=\"2560\" height=\"1420\" \/><\/figure>\r\n<figure><img loading=\"lazy\" decoding=\"async\" title=\"Regionale Rohstoffe (1)\" src=\"https:\/\/www.jaus-bakery.de\/wp-content\/uploads\/2024\/10\/Regionale-Rohstoffe-1-scaled.jpg\" alt=\"Regionale Rohstoffe (1)\" width=\"2560\" height=\"1439\" \/><\/figure>\r\n<h2>Regional raw materials<\/h2>\r\n<p>Wir setzen auf Rohstoffe aus der N\u00e4he &#8211; wie Mehl und Zucker &#8211; um Transportwege zu verk\u00fcrzen und regionale Wirtschaftskreisl\u00e4ufe zu unterst\u00fctzen. Dies st\u00e4rkt nicht nur die lokale Landwirtschaft, sondern reduziert auch den \u00f6kologischen Fu\u00dfabdruck unserer Produkte.<\/p>\r\n<h2>Recyclable packaging<\/h2>\r\n<p>From 2025, we will use 100% recyclable packaging film and at the same time achieve 30% film savings in the logistics area. Through these measures, we are actively contributing to the reduction of plastic waste.<\/p>\r\n<figure><img loading=\"lazy\" decoding=\"async\" title=\"recyclingsfaehige_verpackungen\" src=\"https:\/\/www.jaus-bakery.de\/wp-content\/uploads\/2024\/11\/recyclingsfaehige_verpackungen.webp\" alt=\"recyclingsfaehige_verpackungen\" width=\"1600\" height=\"939\" \/><\/figure>\r\n<figure><img loading=\"lazy\" decoding=\"async\" title=\"Food Waste Bild\" src=\"https:\/\/www.jaus-bakery.de\/wp-content\/uploads\/2024\/10\/Food-Waste-Bild--scaled.jpg\" alt=\"Food Waste Bild\" width=\"2560\" height=\"1441\" \/><\/figure>\r\n<h2>Reduction of food waste<\/h2>\r\n<p>Our long-life baked goods are another component of our sustainability strategy. By offering products with longer best-before dates, we significantly reduce the amount of food that is thrown away and help to combat food waste.<\/p>\r\n<h2>Efficient logistics<\/h2>\r\n<p>A sustainable logistics is essential for us. We bundle transports to minimize journeys and maximize the utilization of our delivery vehicles. Each truck is optimally loaded, which not only saves costs but also significantly reduces greenhouse gas emissions. We also optimize our warehousing through central warehouses, which reduces the number of deliveries and thus offers both economic and ecological benefits.<\/p>\r\n<figure><img loading=\"lazy\" decoding=\"async\" title=\"Effiziente Logitik Bild 1\" src=\"https:\/\/www.jaus-bakery.de\/wp-content\/uploads\/2025\/02\/Effiziente-Logitik-Bild-1-scaled.jpg\" alt=\"Effiziente Logitik Bild 1\" width=\"2560\" height=\"1441\" \/><\/figure>\r\n<figure><img loading=\"lazy\" decoding=\"async\" title=\"Bild-Zertifizierungen-2025\" src=\"https:\/\/www.jaus-bakery.de\/wp-content\/uploads\/2025\/05\/Bild-Zertifizierungen-2025.png\" alt=\"Bild-Zertifizierungen-2025\" width=\"1913\" height=\"769\" \/><\/figure>\r\n<h2>Unsere Zertifizierungen<\/h2>\r\n<p>Wir sind seit 2016 Bio- und seit 2025 Naturland-zertifiziert. Das unterstreicht unser kontinuierliches Engagement f\u00fcr Qualit\u00e4t und nachhaltige Standards entlang der gesamten Wertsch\u00f6pfungskette. Dar\u00fcber hinaus haben wir seit 2016 IFS Food Higher Level und erf\u00fcllen damit anerkannte Anforderungen an Produktsicherheit und Prozessqualit\u00e4t.<\/p>\r\n<p>Durch diese vielf\u00e4ltigen Ma\u00dfnahmen zeigen wir unser Engagement f\u00fcr eine nachhaltige Zukunft. Gemeinsam mit unseren Partnern und Kunden arbeiten wir daran, einen positiven Einfluss auf unsere Umwelt zu nehmen &#8211; denn Nachhaltigkeit beginnt im eigenen Unternehmen!<\/p>","protected":false},"excerpt":{"rendered":"<p>Nachhaltigkeit bei der Jaus Bakery Nachhaltigkeit ist nicht nur ein Trend, sondern eine Verantwortung, die wir als Unternehmen ernst nehmen. Durch innovative Ans\u00e4tze und strategische Ma\u00dfnahmen setzen wir uns aktiv f\u00fcr den Schutz unserer Umwelt ein. Hier sind einige zentrale Aspekte unserer nachhaltigen Unternehmenspraxis: Eigenstromerzeugung Mit unserer 578 kWp Photovoltaikanlage auf dem Dach erzeugen wir&hellip;<\/p>","protected":false},"author":3,"featured_media":0,"parent":0,"menu_order":0,"comment_status":"closed","ping_status":"closed","template":"","meta":{"_acf_changed":false,"inline_featured_image":false,"footnotes":""},"class_list":["post-4177","page","type-page","status-publish","hentry"],"acf":[],"yoast_head":"<!-- This site is optimized with the Yoast SEO plugin v27.5 - https:\/\/yoast.com\/product\/yoast-seo-wordpress\/ -->\n<title>Nachhaltigkeit - jaus Bakery<\/title>\n<meta name=\"robots\" content=\"index, follow, max-snippet:-1, max-image-preview:large, max-video-preview:-1\" \/>\n<link rel=\"canonical\" href=\"https:\/\/www.jaus-bakery.de\/en\/nachhaltigkeit\/\" \/>\n<meta property=\"og:locale\" content=\"en_US\" \/>\n<meta property=\"og:type\" content=\"article\" \/>\n<meta property=\"og:title\" content=\"Nachhaltigkeit - jaus Bakery\" \/>\n<meta property=\"og:description\" content=\"Nachhaltigkeit bei der Jaus Bakery Nachhaltigkeit ist nicht nur ein Trend, sondern eine Verantwortung, die wir als Unternehmen ernst nehmen. Durch innovative Ans\u00e4tze und strategische Ma\u00dfnahmen setzen wir uns aktiv f\u00fcr den Schutz unserer Umwelt ein. Hier sind einige zentrale Aspekte unserer nachhaltigen Unternehmenspraxis: Eigenstromerzeugung Mit unserer 578 kWp Photovoltaikanlage auf dem Dach erzeugen wir&hellip;\" \/>\n<meta property=\"og:url\" content=\"https:\/\/www.jaus-bakery.de\/en\/nachhaltigkeit\/\" \/>\n<meta property=\"og:site_name\" content=\"jaus Bakery\" \/>\n<meta property=\"article:modified_time\" content=\"2026-02-04T10:16:30+00:00\" \/>\n<meta property=\"og:image\" content=\"https:\/\/www.jaus-bakery.de\/wp-content\/uploads\/2024\/10\/dji_fly_20240627_103258_724_1719477671106_photo_optimized-scaled.jpg\" \/>\n<meta name=\"twitter:card\" content=\"summary_large_image\" \/>\n<meta name=\"twitter:label1\" content=\"Est. reading time\" \/>\n\t<meta name=\"twitter:data1\" content=\"4 minutes\" \/>\n<script type=\"application\/ld+json\" class=\"yoast-schema-graph\">{\"@context\":\"https:\\\/\\\/schema.org\",\"@graph\":[{\"@type\":\"WebPage\",\"@id\":\"https:\\\/\\\/www.jaus-bakery.de\\\/nachhaltigkeit\\\/\",\"url\":\"https:\\\/\\\/www.jaus-bakery.de\\\/nachhaltigkeit\\\/\",\"name\":\"Nachhaltigkeit - jaus Bakery\",\"isPartOf\":{\"@id\":\"https:\\\/\\\/www.jaus-bakery.de\\\/#website\"},\"primaryImageOfPage\":{\"@id\":\"https:\\\/\\\/www.jaus-bakery.de\\\/nachhaltigkeit\\\/#primaryimage\"},\"image\":{\"@id\":\"https:\\\/\\\/www.jaus-bakery.de\\\/nachhaltigkeit\\\/#primaryimage\"},\"thumbnailUrl\":\"https:\\\/\\\/www.jaus-bakery.de\\\/wp-content\\\/uploads\\\/2024\\\/10\\\/dji_fly_20240627_103258_724_1719477671106_photo_optimized-scaled.jpg\",\"datePublished\":\"2024-10-15T06:09:40+00:00\",\"dateModified\":\"2026-02-04T10:16:30+00:00\",\"breadcrumb\":{\"@id\":\"https:\\\/\\\/www.jaus-bakery.de\\\/nachhaltigkeit\\\/#breadcrumb\"},\"inLanguage\":\"en-US\",\"potentialAction\":[{\"@type\":\"ReadAction\",\"target\":[\"https:\\\/\\\/www.jaus-bakery.de\\\/nachhaltigkeit\\\/\"]}]},{\"@type\":\"ImageObject\",\"inLanguage\":\"en-US\",\"@id\":\"https:\\\/\\\/www.jaus-bakery.de\\\/nachhaltigkeit\\\/#primaryimage\",\"url\":\"https:\\\/\\\/www.jaus-bakery.de\\\/wp-content\\\/uploads\\\/2024\\\/10\\\/dji_fly_20240627_103258_724_1719477671106_photo_optimized-scaled.jpg\",\"contentUrl\":\"https:\\\/\\\/www.jaus-bakery.de\\\/wp-content\\\/uploads\\\/2024\\\/10\\\/dji_fly_20240627_103258_724_1719477671106_photo_optimized-scaled.jpg\"},{\"@type\":\"BreadcrumbList\",\"@id\":\"https:\\\/\\\/www.jaus-bakery.de\\\/nachhaltigkeit\\\/#breadcrumb\",\"itemListElement\":[{\"@type\":\"ListItem\",\"position\":1,\"name\":\"Startseite\",\"item\":\"https:\\\/\\\/www.jaus-bakery.de\\\/\"},{\"@type\":\"ListItem\",\"position\":2,\"name\":\"Nachhaltigkeit\"}]},{\"@type\":\"WebSite\",\"@id\":\"https:\\\/\\\/www.jaus-bakery.de\\\/#website\",\"url\":\"https:\\\/\\\/www.jaus-bakery.de\\\/\",\"name\":\"jaus Bakery\",\"description\":\"\",\"potentialAction\":[{\"@type\":\"SearchAction\",\"target\":{\"@type\":\"EntryPoint\",\"urlTemplate\":\"https:\\\/\\\/www.jaus-bakery.de\\\/?s={search_term_string}\"},\"query-input\":{\"@type\":\"PropertyValueSpecification\",\"valueRequired\":true,\"valueName\":\"search_term_string\"}}],\"inLanguage\":\"en-US\"}]}<\/script>\n<!-- \/ Yoast SEO plugin. -->","yoast_head_json":{"title":"Nachhaltigkeit - jaus Bakery","robots":{"index":"index","follow":"follow","max-snippet":"max-snippet:-1","max-image-preview":"max-image-preview:large","max-video-preview":"max-video-preview:-1"},"canonical":"https:\/\/www.jaus-bakery.de\/en\/nachhaltigkeit\/","og_locale":"en_US","og_type":"article","og_title":"Nachhaltigkeit - jaus Bakery","og_description":"Nachhaltigkeit bei der Jaus Bakery Nachhaltigkeit ist nicht nur ein Trend, sondern eine Verantwortung, die wir als Unternehmen ernst nehmen. Durch innovative Ans\u00e4tze und strategische Ma\u00dfnahmen setzen wir uns aktiv f\u00fcr den Schutz unserer Umwelt ein. Hier sind einige zentrale Aspekte unserer nachhaltigen Unternehmenspraxis: Eigenstromerzeugung Mit unserer 578 kWp Photovoltaikanlage auf dem Dach erzeugen wir&hellip;","og_url":"https:\/\/www.jaus-bakery.de\/en\/nachhaltigkeit\/","og_site_name":"jaus Bakery","article_modified_time":"2026-02-04T10:16:30+00:00","og_image":[{"url":"https:\/\/www.jaus-bakery.de\/wp-content\/uploads\/2024\/10\/dji_fly_20240627_103258_724_1719477671106_photo_optimized-scaled.jpg","type":"","width":"","height":""}],"twitter_card":"summary_large_image","twitter_misc":{"Est. reading time":"4 minutes"},"schema":{"@context":"https:\/\/schema.org","@graph":[{"@type":"WebPage","@id":"https:\/\/www.jaus-bakery.de\/nachhaltigkeit\/","url":"https:\/\/www.jaus-bakery.de\/nachhaltigkeit\/","name":"Nachhaltigkeit - jaus Bakery","isPartOf":{"@id":"https:\/\/www.jaus-bakery.de\/#website"},"primaryImageOfPage":{"@id":"https:\/\/www.jaus-bakery.de\/nachhaltigkeit\/#primaryimage"},"image":{"@id":"https:\/\/www.jaus-bakery.de\/nachhaltigkeit\/#primaryimage"},"thumbnailUrl":"https:\/\/www.jaus-bakery.de\/wp-content\/uploads\/2024\/10\/dji_fly_20240627_103258_724_1719477671106_photo_optimized-scaled.jpg","datePublished":"2024-10-15T06:09:40+00:00","dateModified":"2026-02-04T10:16:30+00:00","breadcrumb":{"@id":"https:\/\/www.jaus-bakery.de\/nachhaltigkeit\/#breadcrumb"},"inLanguage":"en-US","potentialAction":[{"@type":"ReadAction","target":["https:\/\/www.jaus-bakery.de\/nachhaltigkeit\/"]}]},{"@type":"ImageObject","inLanguage":"en-US","@id":"https:\/\/www.jaus-bakery.de\/nachhaltigkeit\/#primaryimage","url":"https:\/\/www.jaus-bakery.de\/wp-content\/uploads\/2024\/10\/dji_fly_20240627_103258_724_1719477671106_photo_optimized-scaled.jpg","contentUrl":"https:\/\/www.jaus-bakery.de\/wp-content\/uploads\/2024\/10\/dji_fly_20240627_103258_724_1719477671106_photo_optimized-scaled.jpg"},{"@type":"BreadcrumbList","@id":"https:\/\/www.jaus-bakery.de\/nachhaltigkeit\/#breadcrumb","itemListElement":[{"@type":"ListItem","position":1,"name":"Startseite","item":"https:\/\/www.jaus-bakery.de\/"},{"@type":"ListItem","position":2,"name":"Nachhaltigkeit"}]},{"@type":"WebSite","@id":"https:\/\/www.jaus-bakery.de\/#website","url":"https:\/\/www.jaus-bakery.de\/","name":"jaus Bakery","description":"","potentialAction":[{"@type":"SearchAction","target":{"@type":"EntryPoint","urlTemplate":"https:\/\/www.jaus-bakery.de\/?s={search_term_string}"},"query-input":{"@type":"PropertyValueSpecification","valueRequired":true,"valueName":"search_term_string"}}],"inLanguage":"en-US"}]}},"_links":{"self":[{"href":"https:\/\/www.jaus-bakery.de\/en\/wp-json\/wp\/v2\/pages\/4177","targetHints":{"allow":["GET"]}}],"collection":[{"href":"https:\/\/www.jaus-bakery.de\/en\/wp-json\/wp\/v2\/pages"}],"about":[{"href":"https:\/\/www.jaus-bakery.de\/en\/wp-json\/wp\/v2\/types\/page"}],"author":[{"embeddable":true,"href":"https:\/\/www.jaus-bakery.de\/en\/wp-json\/wp\/v2\/users\/3"}],"replies":[{"embeddable":true,"href":"https:\/\/www.jaus-bakery.de\/en\/wp-json\/wp\/v2\/comments?post=4177"}],"version-history":[{"count":11,"href":"https:\/\/www.jaus-bakery.de\/en\/wp-json\/wp\/v2\/pages\/4177\/revisions"}],"predecessor-version":[{"id":4561,"href":"https:\/\/www.jaus-bakery.de\/en\/wp-json\/wp\/v2\/pages\/4177\/revisions\/4561"}],"wp:attachment":[{"href":"https:\/\/www.jaus-bakery.de\/en\/wp-json\/wp\/v2\/media?parent=4177"}],"curies":[{"name":"wp","href":"https:\/\/api.w.org\/{rel}","templated":true}]}}