{"id":219,"date":"2022-02-05T15:21:14","date_gmt":"2022-02-05T15:21:14","guid":{"rendered":"http:\/\/haverland.cookie.productions\/?page_id=219"},"modified":"2024-11-13T11:27:37","modified_gmt":"2024-11-13T09:27:37","slug":"datenschutz","status":"publish","type":"page","link":"https:\/\/www.jaus-bakery.de\/en\/datenschutz\/","title":{"rendered":"Privacy"},"content":{"rendered":"<h1>Privacy<\/h1>\n\t<strong>Liability notice<\/strong>:<br \/>\nDespite careful control of the content, we assume no liability for the content of external links. The operators of the linked pages are solely responsible for their content.<br \/>\nGeneral user guidelines:<br \/>\n1. the Jaus Bakery GmbH, business address Daimlerstra\u00dfe 18-20, D-89264 Wei\u00dfenhorn operates a website on the Internet at the Internet address www.jaus-bakery.de, which serves the purpose of information and communication with Internet users.<br \/>\n2. as a provider of a teleservice, Jaus Bakery GmbH will only collect, process or use personal data (individual details about personal or factual circumstances of a specific or identifiable person) to the extent that this is necessary for the provision of the teleservice (inventory data). Inventory data will only be processed and used for other purposes if you as the user give your express consent. We do not regard the use of the website as consent, nor is the use of the Jaus Bakery website dependent on the granting of your consent.<br \/>\n3. you have the right to revoke your consent to the storage, processing and use of your data at any time with effect for the future. The declaration of revocation can be made in writing or electronically. If you wish to withdraw your consent, please send an e-mail to info@jaus-bakery.de\n<strong>Responsibility for the content:<\/strong><br \/>\n1. the Jaus Bakery GmbH is responsible for its own contents of the website according to general laws.<br \/>\n2 Jaus Bakery GmbH is only responsible for third-party content made available for use on the website to the extent that it is aware of this content and has the technical and reasonable means to prevent its use.<br \/>\n3. liability for third-party content to which Jaus Bakery GmbH merely provides access is excluded. The automatic and temporary provision of third-party content on the basis of a user query shall be deemed to be access mediation.<br \/>\n4. obligations to block the use of illegal content in accordance with the general laws remain unaffected if Jaus Bakery GmbH becomes aware of this content while maintaining telecommunications secrecy in accordance with \u00a788 TKG and blocking is technically possible and reasonable.\n<strong>PRIVACY POLICY<\/strong><br \/>\nLiability for content<br \/>\nAs a service provider, we are responsible for our own content on these pages in accordance with Section 7 (1) TMG (German Telemedia Act) and general legislation. According to \u00a7\u00a7 8 to 10 TMG, however, we as a service provider are not obliged to monitor transmitted or stored third-party information or to investigate circumstances that indicate illegal activity. Obligations to remove or block the use of information in accordance with general legislation remain unaffected by this. However, liability in this respect is only possible from the time of knowledge of a specific infringement. As soon as we become aware of such infringements, we will remove this content immediately.<br \/>\nLiability for links<br \/>\nOur website contains links to external third-party websites over whose content we have no influence. Therefore, we cannot accept any liability for this third-party content. The respective provider or operator of the pages is always responsible for the content of the linked pages. The linked pages were checked for possible legal violations at the time of linking. Illegal content was not recognizable at the time of linking. However, permanent monitoring of the content of the linked pages is not reasonable without concrete evidence of an infringement. If we become aware of any legal infringements, we will remove such links immediately.<br \/>\nCopyright<br \/>\nThe content and works created by the site operators on these pages are subject to German copyright law. Duplication, processing, distribution and any form of commercialization of such material beyond the scope of the copyright law shall require the prior written consent of its respective author or creator. Downloads and copies of this site are only permitted for private, non-commercial use. Insofar as the content on this site was not created by the operator, the copyrights of third parties are respected. In particular, third-party content is identified as such. Should you nevertheless become aware of a copyright infringement, please inform us accordingly. If we become aware of any infringements, we will remove such content immediately.<br \/>\nWeb server protocols<br \/>\nIn principle, you can visit our websites without telling us who you are. However, as is usual with almost all websites, the server on which our websites are located (web server) automatically collects information from you when you visit us on the Internet. The web server automatically stores certain personal data such as your anonymized IP address, the date and time you visited our website, the pages you visited on our website, the website you visited previously, the browser you are using (e.g. Internet Explorer), the operating system you are using (e.g. Windows 7). We regularly evaluate these server logs anonymously for statistical purposes so that we can determine how our websites are used. We then optimize our website on the basis of these findings.\n<strong>Verwendung von Cookies<\/strong><br \/>\nUse of cookies<br \/>\n1. memorizing your language selection.<br \/>\n2. Das Merken Ihres zuletzt ge\u00f6ffneten Unterbereichs auf der Seite &#8222;Unternehmen&#8220;, um diesen bei einer R\u00fcckkehr auf die Seite wieder \u00f6ffnen zu k\u00f6nnen.<br \/>\n3. the memorization of product data. This ensures shorter loading times and more effective use of the search function.<br \/>\nIf you still want to disable cookies, you will find information on this in the following section.\n<strong>Prevention and\/or control of cookies<\/strong><br \/>\nThere are various methods of suppressing, displaying and removing cookies stored on your computer. This depends on the browser you are using. If you have difficulties with this, we recommend that you consult the manufacturer's website. You will find the information you need there. If you decide that you do not want cookies to be stored on your computer, you will still have access to most of our website. However, you may no longer be able to use certain functions.\n<strong>Other collection, processing and use of personal data<\/strong><br \/>\nWe only collect data from you (except in the context of web server logs and cookies) if you provide it to us yourself in order to use one of the services we offer (e.g. inquiries via the contact form, application form). We only use this data for the purpose for which you have provided us with the data, e.g. to answer your inquiries. If our service providers come into contact with personal data, this takes place within the framework of so-called commissioned data processing (Section 11 of the Federal Data Protection Act). The service provider works exclusively in accordance with our instructions, which we ensure through strict contractual regulations as well as technical and organizational measures. Beyond this, we do not pass on any data to third parties unless you have expressly consented or this is provided for by law.\n<strong>Further Information<\/strong><br \/>\nBei weiteren Fragen zur Erhebung, Verarbeitung oder Nutzung Ihrer personenbezogenen Daten sowie zur Wahrnehmung Ihrer Rechte als Betroffener auf Auskunft, Berichtigung, Sperrung oder L\u00f6schung sowie zum Widerruf bereits erteilter Einwilligungen wenden Sie sich bitte an info@jaus-bakery.de oder an die folgende Anschrift:\nJaus Bakery GmbH<br \/>\nDaimlerstra\u00dfe 18-20<br \/>\n89264 Wei\u00dfenhorn<br \/>\nTelefon: +49 7309 &#8211; 876 &#8211; 0<br \/>\nEmail: info@jaus-bakery.de<br \/>\nHRB 16815, Amtsgericht Memmingen<br \/>\nUSt. &#8211; ID: DE303381442<br \/>\nFor \"bio\" products applies:","protected":false},"excerpt":{"rendered":"<p>Datenschutz Haftungshinweis: Trotz sorgf\u00e4ltiger inhaltlicher Kontrolle \u00fcbernehmen wir keine Haftung f\u00fcr die Inhalte externer Links. F\u00fcr den Inhalt der verlinkten Seiten sind ausschlie\u00dflich deren Betreiber verantwortlich. Allgemeine Nutzungsrichtlinien: 1. Die Jaus Bakery GmbH, gesch\u00e4ftsans\u00e4ssig Daimlerstra\u00dfe 18-20, D-89264 Wei\u00dfenhorn betreibt unter der Internet-Adresse www.jaus-bakery.de eine Website im Internet, die der Information und Kommunikation mit Internetusern dient.&hellip;<\/p>","protected":false},"author":2,"featured_media":0,"parent":0,"menu_order":0,"comment_status":"closed","ping_status":"closed","template":"","meta":{"_acf_changed":false,"inline_featured_image":false,"footnotes":""},"class_list":["post-219","page","type-page","status-publish","hentry"],"acf":[],"yoast_head":"<!-- This site is optimized with the Yoast SEO plugin v27.5 - https:\/\/yoast.com\/product\/yoast-seo-wordpress\/ -->\n<title>Datenschutz - jaus Bakery<\/title>\n<meta name=\"robots\" content=\"index, follow, max-snippet:-1, max-image-preview:large, max-video-preview:-1\" \/>\n<link rel=\"canonical\" href=\"https:\/\/www.jaus-bakery.de\/en\/datenschutz\/\" \/>\n<meta property=\"og:locale\" content=\"en_US\" \/>\n<meta property=\"og:type\" content=\"article\" \/>\n<meta property=\"og:title\" content=\"Datenschutz - jaus Bakery\" \/>\n<meta property=\"og:description\" content=\"Datenschutz Haftungshinweis: Trotz sorgf\u00e4ltiger inhaltlicher Kontrolle \u00fcbernehmen wir keine Haftung f\u00fcr die Inhalte externer Links. F\u00fcr den Inhalt der verlinkten Seiten sind ausschlie\u00dflich deren Betreiber verantwortlich. Allgemeine Nutzungsrichtlinien: 1. Die Jaus Bakery GmbH, gesch\u00e4ftsans\u00e4ssig Daimlerstra\u00dfe 18-20, D-89264 Wei\u00dfenhorn betreibt unter der Internet-Adresse www.jaus-bakery.de eine Website im Internet, die der Information und Kommunikation mit Internetusern dient.&hellip;\" \/>\n<meta property=\"og:url\" content=\"https:\/\/www.jaus-bakery.de\/en\/datenschutz\/\" \/>\n<meta property=\"og:site_name\" content=\"jaus Bakery\" \/>\n<meta property=\"article:modified_time\" content=\"2024-11-13T09:27:37+00:00\" \/>\n<meta name=\"twitter:card\" content=\"summary_large_image\" \/>\n<meta name=\"twitter:label1\" content=\"Est. reading time\" \/>\n\t<meta name=\"twitter:data1\" content=\"6 minutes\" \/>\n<script type=\"application\/ld+json\" class=\"yoast-schema-graph\">{\"@context\":\"https:\\\/\\\/schema.org\",\"@graph\":[{\"@type\":\"WebPage\",\"@id\":\"https:\\\/\\\/www.jaus-bakery.de\\\/datenschutz\\\/\",\"url\":\"https:\\\/\\\/www.jaus-bakery.de\\\/datenschutz\\\/\",\"name\":\"Datenschutz - jaus Bakery\",\"isPartOf\":{\"@id\":\"https:\\\/\\\/www.jaus-bakery.de\\\/#website\"},\"datePublished\":\"2022-02-05T15:21:14+00:00\",\"dateModified\":\"2024-11-13T09:27:37+00:00\",\"breadcrumb\":{\"@id\":\"https:\\\/\\\/www.jaus-bakery.de\\\/datenschutz\\\/#breadcrumb\"},\"inLanguage\":\"en-US\",\"potentialAction\":[{\"@type\":\"ReadAction\",\"target\":[\"https:\\\/\\\/www.jaus-bakery.de\\\/datenschutz\\\/\"]}]},{\"@type\":\"BreadcrumbList\",\"@id\":\"https:\\\/\\\/www.jaus-bakery.de\\\/datenschutz\\\/#breadcrumb\",\"itemListElement\":[{\"@type\":\"ListItem\",\"position\":1,\"name\":\"Startseite\",\"item\":\"https:\\\/\\\/www.jaus-bakery.de\\\/\"},{\"@type\":\"ListItem\",\"position\":2,\"name\":\"Datenschutz\"}]},{\"@type\":\"WebSite\",\"@id\":\"https:\\\/\\\/www.jaus-bakery.de\\\/#website\",\"url\":\"https:\\\/\\\/www.jaus-bakery.de\\\/\",\"name\":\"jaus Bakery\",\"description\":\"\",\"potentialAction\":[{\"@type\":\"SearchAction\",\"target\":{\"@type\":\"EntryPoint\",\"urlTemplate\":\"https:\\\/\\\/www.jaus-bakery.de\\\/?s={search_term_string}\"},\"query-input\":{\"@type\":\"PropertyValueSpecification\",\"valueRequired\":true,\"valueName\":\"search_term_string\"}}],\"inLanguage\":\"en-US\"}]}<\/script>\n<!-- \/ Yoast SEO plugin. -->","yoast_head_json":{"title":"Datenschutz - jaus Bakery","robots":{"index":"index","follow":"follow","max-snippet":"max-snippet:-1","max-image-preview":"max-image-preview:large","max-video-preview":"max-video-preview:-1"},"canonical":"https:\/\/www.jaus-bakery.de\/en\/datenschutz\/","og_locale":"en_US","og_type":"article","og_title":"Datenschutz - jaus Bakery","og_description":"Datenschutz Haftungshinweis: Trotz sorgf\u00e4ltiger inhaltlicher Kontrolle \u00fcbernehmen wir keine Haftung f\u00fcr die Inhalte externer Links. F\u00fcr den Inhalt der verlinkten Seiten sind ausschlie\u00dflich deren Betreiber verantwortlich. Allgemeine Nutzungsrichtlinien: 1. Die Jaus Bakery GmbH, gesch\u00e4ftsans\u00e4ssig Daimlerstra\u00dfe 18-20, D-89264 Wei\u00dfenhorn betreibt unter der Internet-Adresse www.jaus-bakery.de eine Website im Internet, die der Information und Kommunikation mit Internetusern dient.&hellip;","og_url":"https:\/\/www.jaus-bakery.de\/en\/datenschutz\/","og_site_name":"jaus Bakery","article_modified_time":"2024-11-13T09:27:37+00:00","twitter_card":"summary_large_image","twitter_misc":{"Est. reading time":"6 minutes"},"schema":{"@context":"https:\/\/schema.org","@graph":[{"@type":"WebPage","@id":"https:\/\/www.jaus-bakery.de\/datenschutz\/","url":"https:\/\/www.jaus-bakery.de\/datenschutz\/","name":"Datenschutz - jaus Bakery","isPartOf":{"@id":"https:\/\/www.jaus-bakery.de\/#website"},"datePublished":"2022-02-05T15:21:14+00:00","dateModified":"2024-11-13T09:27:37+00:00","breadcrumb":{"@id":"https:\/\/www.jaus-bakery.de\/datenschutz\/#breadcrumb"},"inLanguage":"en-US","potentialAction":[{"@type":"ReadAction","target":["https:\/\/www.jaus-bakery.de\/datenschutz\/"]}]},{"@type":"BreadcrumbList","@id":"https:\/\/www.jaus-bakery.de\/datenschutz\/#breadcrumb","itemListElement":[{"@type":"ListItem","position":1,"name":"Startseite","item":"https:\/\/www.jaus-bakery.de\/"},{"@type":"ListItem","position":2,"name":"Datenschutz"}]},{"@type":"WebSite","@id":"https:\/\/www.jaus-bakery.de\/#website","url":"https:\/\/www.jaus-bakery.de\/","name":"jaus Bakery","description":"","potentialAction":[{"@type":"SearchAction","target":{"@type":"EntryPoint","urlTemplate":"https:\/\/www.jaus-bakery.de\/?s={search_term_string}"},"query-input":{"@type":"PropertyValueSpecification","valueRequired":true,"valueName":"search_term_string"}}],"inLanguage":"en-US"}]}},"_links":{"self":[{"href":"https:\/\/www.jaus-bakery.de\/en\/wp-json\/wp\/v2\/pages\/219","targetHints":{"allow":["GET"]}}],"collection":[{"href":"https:\/\/www.jaus-bakery.de\/en\/wp-json\/wp\/v2\/pages"}],"about":[{"href":"https:\/\/www.jaus-bakery.de\/en\/wp-json\/wp\/v2\/types\/page"}],"author":[{"embeddable":true,"href":"https:\/\/www.jaus-bakery.de\/en\/wp-json\/wp\/v2\/users\/2"}],"replies":[{"embeddable":true,"href":"https:\/\/www.jaus-bakery.de\/en\/wp-json\/wp\/v2\/comments?post=219"}],"version-history":[{"count":6,"href":"https:\/\/www.jaus-bakery.de\/en\/wp-json\/wp\/v2\/pages\/219\/revisions"}],"predecessor-version":[{"id":4267,"href":"https:\/\/www.jaus-bakery.de\/en\/wp-json\/wp\/v2\/pages\/219\/revisions\/4267"}],"wp:attachment":[{"href":"https:\/\/www.jaus-bakery.de\/en\/wp-json\/wp\/v2\/media?parent=219"}],"curies":[{"name":"wp","href":"https:\/\/api.w.org\/{rel}","templated":true}]}}