{"id":217,"date":"2022-02-05T15:21:06","date_gmt":"2022-02-05T15:21:06","guid":{"rendered":"http:\/\/haverland.cookie.productions\/?page_id=217"},"modified":"2026-03-12T12:53:07","modified_gmt":"2026-03-12T10:53:07","slug":"impressum","status":"publish","type":"page","link":"https:\/\/www.jaus-bakery.de\/en\/impressum\/","title":{"rendered":"Imprint"},"content":{"rendered":"<h1>Imprint<\/h1>\n\t<p>Responsibility for the content of this website:<\/p>\nJaus Bakery GmbH<br \/>\nDaimlerstra\u00dfe 18-20<br \/>\n89264 Wei\u00dfenhorn<br \/>\nTelefon: +49 7309 &#8211; 876 &#8211; 0<br \/>\nEmail: info@jaus-bakery.de<br \/>\nHRB 16815, Amtsgericht Memmingen<br \/>\nUSt. &#8211; ID: DE303381442<br \/>\nFor \"bio\" products applies:\n<p><b>Authorized representative<\/b>: Markus Wei\u00df, Sergio Pitticco<\/p>\n\t<h2><strong>Web design &amp; implementation of the website<\/strong><\/h2>\n<p>Das Webdesign und die Entwicklung dieser Website erfolgte durch die Soester Agentur <a href=\"https:\/\/cookiedesign.de\/\" target=\"_blank\" rel=\"noopener\" title=\"Agentur COOKIE Design\">cookie.design<\/a>.<\/p>","protected":false},"excerpt":{"rendered":"<p>Impressum Verantwortlich f\u00fcr den Inhalt dieser Website: Jaus Bakery GmbH Daimlerstra\u00dfe 18-20 89264 Wei\u00dfenhorn Telefon: +49 7309 &#8211; 876 &#8211; 0 Email: info@jaus-bakery.de HRB 16815, Amtsgericht Memmingen USt. &#8211; ID: DE303381442 F\u00fcr Bio-Produkte gilt: DE-\u00d6KO-039 Vertretungsberechtigter: Markus Wei\u00df, Sergio Pitticco Webdesign &amp; Umsetzung der Website Das Webdesign und die Entwicklung dieser Website erfolgte durch die&hellip;<\/p>","protected":false},"author":2,"featured_media":0,"parent":0,"menu_order":0,"comment_status":"closed","ping_status":"closed","template":"","meta":{"_acf_changed":false,"inline_featured_image":false,"footnotes":""},"class_list":["post-217","page","type-page","status-publish","hentry"],"acf":[],"yoast_head":"<!-- This site is optimized with the Yoast SEO plugin v27.5 - https:\/\/yoast.com\/product\/yoast-seo-wordpress\/ -->\n<title>Impressum - jaus Bakery<\/title>\n<meta name=\"robots\" content=\"index, follow, max-snippet:-1, max-image-preview:large, max-video-preview:-1\" \/>\n<link rel=\"canonical\" href=\"https:\/\/www.jaus-bakery.de\/en\/impressum\/\" \/>\n<meta property=\"og:locale\" content=\"en_US\" \/>\n<meta property=\"og:type\" content=\"article\" \/>\n<meta property=\"og:title\" content=\"Impressum - jaus Bakery\" \/>\n<meta property=\"og:description\" content=\"Impressum Verantwortlich f\u00fcr den Inhalt dieser Website: Jaus Bakery GmbH Daimlerstra\u00dfe 18-20 89264 Wei\u00dfenhorn Telefon: +49 7309 &#8211; 876 &#8211; 0 Email: info@jaus-bakery.de HRB 16815, Amtsgericht Memmingen USt. &#8211; ID: DE303381442 F\u00fcr Bio-Produkte gilt: DE-\u00d6KO-039 Vertretungsberechtigter: Markus Wei\u00df, Sergio Pitticco Webdesign &amp; Umsetzung der Website Das Webdesign und die Entwicklung dieser Website erfolgte durch die&hellip;\" \/>\n<meta property=\"og:url\" content=\"https:\/\/www.jaus-bakery.de\/en\/impressum\/\" \/>\n<meta property=\"og:site_name\" content=\"jaus Bakery\" \/>\n<meta property=\"article:modified_time\" content=\"2026-03-12T10:53:07+00:00\" \/>\n<meta name=\"twitter:card\" content=\"summary_large_image\" \/>\n<script type=\"application\/ld+json\" class=\"yoast-schema-graph\">{\"@context\":\"https:\\\/\\\/schema.org\",\"@graph\":[{\"@type\":\"WebPage\",\"@id\":\"https:\\\/\\\/www.jaus-bakery.de\\\/impressum\\\/\",\"url\":\"https:\\\/\\\/www.jaus-bakery.de\\\/impressum\\\/\",\"name\":\"Impressum - jaus Bakery\",\"isPartOf\":{\"@id\":\"https:\\\/\\\/www.jaus-bakery.de\\\/#website\"},\"datePublished\":\"2022-02-05T15:21:06+00:00\",\"dateModified\":\"2026-03-12T10:53:07+00:00\",\"breadcrumb\":{\"@id\":\"https:\\\/\\\/www.jaus-bakery.de\\\/impressum\\\/#breadcrumb\"},\"inLanguage\":\"en-US\",\"potentialAction\":[{\"@type\":\"ReadAction\",\"target\":[\"https:\\\/\\\/www.jaus-bakery.de\\\/impressum\\\/\"]}]},{\"@type\":\"BreadcrumbList\",\"@id\":\"https:\\\/\\\/www.jaus-bakery.de\\\/impressum\\\/#breadcrumb\",\"itemListElement\":[{\"@type\":\"ListItem\",\"position\":1,\"name\":\"Startseite\",\"item\":\"https:\\\/\\\/www.jaus-bakery.de\\\/\"},{\"@type\":\"ListItem\",\"position\":2,\"name\":\"Impressum\"}]},{\"@type\":\"WebSite\",\"@id\":\"https:\\\/\\\/www.jaus-bakery.de\\\/#website\",\"url\":\"https:\\\/\\\/www.jaus-bakery.de\\\/\",\"name\":\"jaus Bakery\",\"description\":\"\",\"potentialAction\":[{\"@type\":\"SearchAction\",\"target\":{\"@type\":\"EntryPoint\",\"urlTemplate\":\"https:\\\/\\\/www.jaus-bakery.de\\\/?s={search_term_string}\"},\"query-input\":{\"@type\":\"PropertyValueSpecification\",\"valueRequired\":true,\"valueName\":\"search_term_string\"}}],\"inLanguage\":\"en-US\"}]}<\/script>\n<!-- \/ Yoast SEO plugin. -->","yoast_head_json":{"title":"Impressum - jaus Bakery","robots":{"index":"index","follow":"follow","max-snippet":"max-snippet:-1","max-image-preview":"max-image-preview:large","max-video-preview":"max-video-preview:-1"},"canonical":"https:\/\/www.jaus-bakery.de\/en\/impressum\/","og_locale":"en_US","og_type":"article","og_title":"Impressum - jaus Bakery","og_description":"Impressum Verantwortlich f\u00fcr den Inhalt dieser Website: Jaus Bakery GmbH Daimlerstra\u00dfe 18-20 89264 Wei\u00dfenhorn Telefon: +49 7309 &#8211; 876 &#8211; 0 Email: info@jaus-bakery.de HRB 16815, Amtsgericht Memmingen USt. &#8211; ID: DE303381442 F\u00fcr Bio-Produkte gilt: DE-\u00d6KO-039 Vertretungsberechtigter: Markus Wei\u00df, Sergio Pitticco Webdesign &amp; Umsetzung der Website Das Webdesign und die Entwicklung dieser Website erfolgte durch die&hellip;","og_url":"https:\/\/www.jaus-bakery.de\/en\/impressum\/","og_site_name":"jaus Bakery","article_modified_time":"2026-03-12T10:53:07+00:00","twitter_card":"summary_large_image","schema":{"@context":"https:\/\/schema.org","@graph":[{"@type":"WebPage","@id":"https:\/\/www.jaus-bakery.de\/impressum\/","url":"https:\/\/www.jaus-bakery.de\/impressum\/","name":"Impressum - jaus Bakery","isPartOf":{"@id":"https:\/\/www.jaus-bakery.de\/#website"},"datePublished":"2022-02-05T15:21:06+00:00","dateModified":"2026-03-12T10:53:07+00:00","breadcrumb":{"@id":"https:\/\/www.jaus-bakery.de\/impressum\/#breadcrumb"},"inLanguage":"en-US","potentialAction":[{"@type":"ReadAction","target":["https:\/\/www.jaus-bakery.de\/impressum\/"]}]},{"@type":"BreadcrumbList","@id":"https:\/\/www.jaus-bakery.de\/impressum\/#breadcrumb","itemListElement":[{"@type":"ListItem","position":1,"name":"Startseite","item":"https:\/\/www.jaus-bakery.de\/"},{"@type":"ListItem","position":2,"name":"Impressum"}]},{"@type":"WebSite","@id":"https:\/\/www.jaus-bakery.de\/#website","url":"https:\/\/www.jaus-bakery.de\/","name":"jaus Bakery","description":"","potentialAction":[{"@type":"SearchAction","target":{"@type":"EntryPoint","urlTemplate":"https:\/\/www.jaus-bakery.de\/?s={search_term_string}"},"query-input":{"@type":"PropertyValueSpecification","valueRequired":true,"valueName":"search_term_string"}}],"inLanguage":"en-US"}]}},"_links":{"self":[{"href":"https:\/\/www.jaus-bakery.de\/en\/wp-json\/wp\/v2\/pages\/217","targetHints":{"allow":["GET"]}}],"collection":[{"href":"https:\/\/www.jaus-bakery.de\/en\/wp-json\/wp\/v2\/pages"}],"about":[{"href":"https:\/\/www.jaus-bakery.de\/en\/wp-json\/wp\/v2\/types\/page"}],"author":[{"embeddable":true,"href":"https:\/\/www.jaus-bakery.de\/en\/wp-json\/wp\/v2\/users\/2"}],"replies":[{"embeddable":true,"href":"https:\/\/www.jaus-bakery.de\/en\/wp-json\/wp\/v2\/comments?post=217"}],"version-history":[{"count":13,"href":"https:\/\/www.jaus-bakery.de\/en\/wp-json\/wp\/v2\/pages\/217\/revisions"}],"predecessor-version":[{"id":4611,"href":"https:\/\/www.jaus-bakery.de\/en\/wp-json\/wp\/v2\/pages\/217\/revisions\/4611"}],"wp:attachment":[{"href":"https:\/\/www.jaus-bakery.de\/en\/wp-json\/wp\/v2\/media?parent=217"}],"curies":[{"name":"wp","href":"https:\/\/api.w.org\/{rel}","templated":true}]}}